{"id":594,"date":"2025-05-27T15:46:56","date_gmt":"2025-05-27T15:46:56","guid":{"rendered":"https:\/\/imaginetoystudio.com\/producto\/guerrero-epico-stl-miniatura-de-fantasia-2\/"},"modified":"2025-06-12T13:38:41","modified_gmt":"2025-06-12T13:38:41","slug":"guerrero-epico-stl-miniatura-de-fantasia-2","status":"publish","type":"product","link":"https:\/\/imaginetoystudio.com\/en\/producto\/guerrero-epico-stl-miniatura-de-fantasia-2\/","title":{"rendered":"Guerrero \u00c9pico STL &#8211; Miniatura de Fantas\u00eda"},"content":{"rendered":"","protected":false},"excerpt":{"rendered":"<p>Miniatura STL de guerrero \u00e9pico para impresi\u00f3n 3D.<\/p>\n","protected":false},"featured_media":544,"comment_status":"open","ping_status":"closed","template":"","meta":{"_acf_changed":false,"iawp_total_views":0},"marca":[98,61],"product_brand":[],"product_cat":[107,108],"product_tag":[119,120,121],"class_list":{"0":"post-594","1":"product","2":"type-product","3":"status-publish","4":"has-post-thumbnail","6":"marca-3d-creations","7":"marca-imaginetoys","8":"product_cat-campaigns-en","9":"product_cat-stl-en","10":"product_tag-coleccionables-en","11":"product_tag-figuras-3d-en","12":"product_tag-imprimir-3d-en","14":"first","15":"instock","16":"sale","17":"shipping-taxable","18":"purchasable","19":"product-type-simple"},"acf":[],"yoast_head":"<!-- This site is optimized with the Yoast SEO plugin v27.4 - https:\/\/yoast.com\/product\/yoast-seo-wordpress\/ -->\n<title>Guerrero \u00c9pico STL - Miniatura 3D Fantas\u00eda | imaginetoys<\/title>\n<meta name=\"description\" content=\"Descubre la miniatura Guerrero \u00c9pico STL para impresi\u00f3n 3D. Perfecta para coleccionistas y entusiastas de la fantas\u00eda. \u00a1Oferta especial!\" \/>\n<meta name=\"robots\" content=\"index, follow, max-snippet:-1, max-image-preview:large, max-video-preview:-1\" \/>\n<link rel=\"canonical\" href=\"https:\/\/imaginetoystudio.com\/en\/producto\/guerrero-epico-stl-miniatura-de-fantasia-2\/\" \/>\n<meta property=\"og:locale\" content=\"en_US\" \/>\n<meta property=\"og:type\" content=\"article\" \/>\n<meta property=\"og:title\" content=\"Guerrero \u00c9pico STL - Miniatura 3D Fantas\u00eda | imaginetoys\" \/>\n<meta property=\"og:description\" content=\"Descubre la miniatura Guerrero \u00c9pico STL para impresi\u00f3n 3D. Perfecta para coleccionistas y entusiastas de la fantas\u00eda. \u00a1Oferta especial!\" \/>\n<meta property=\"og:url\" content=\"https:\/\/imaginetoystudio.com\/en\/producto\/guerrero-epico-stl-miniatura-de-fantasia-2\/\" \/>\n<meta property=\"og:site_name\" content=\"imaginetoys\" \/>\n<meta property=\"article:modified_time\" content=\"2025-06-12T13:38:41+00:00\" \/>\n<meta property=\"og:image\" content=\"https:\/\/imaginetoystudio.com\/wp-content\/uploads\/2025\/05\/Leonardo_Vision_XL_Una_imagen_de_un_guerrero_pico_en_miniatura_0.jpg\" \/>\n\t<meta property=\"og:image:width\" content=\"1792\" \/>\n\t<meta property=\"og:image:height\" content=\"1456\" \/>\n\t<meta property=\"og:image:type\" content=\"image\/jpeg\" \/>\n<meta name=\"twitter:card\" content=\"summary_large_image\" \/>\n<!-- \/ Yoast SEO plugin. -->","yoast_head_json":{"title":"Guerrero \u00c9pico STL - Miniatura 3D Fantas\u00eda | imaginetoys","description":"Descubre la miniatura Guerrero \u00c9pico STL para impresi\u00f3n 3D. Perfecta para coleccionistas y entusiastas de la fantas\u00eda. \u00a1Oferta especial!","robots":{"index":"index","follow":"follow","max-snippet":"max-snippet:-1","max-image-preview":"max-image-preview:large","max-video-preview":"max-video-preview:-1"},"canonical":"https:\/\/imaginetoystudio.com\/en\/producto\/guerrero-epico-stl-miniatura-de-fantasia-2\/","og_locale":"en_US","og_type":"article","og_title":"Guerrero \u00c9pico STL - Miniatura 3D Fantas\u00eda | imaginetoys","og_description":"Descubre la miniatura Guerrero \u00c9pico STL para impresi\u00f3n 3D. Perfecta para coleccionistas y entusiastas de la fantas\u00eda. \u00a1Oferta especial!","og_url":"https:\/\/imaginetoystudio.com\/en\/producto\/guerrero-epico-stl-miniatura-de-fantasia-2\/","og_site_name":"imaginetoys","article_modified_time":"2025-06-12T13:38:41+00:00","og_image":[{"width":1792,"height":1456,"url":"https:\/\/imaginetoystudio.com\/wp-content\/uploads\/2025\/05\/Leonardo_Vision_XL_Una_imagen_de_un_guerrero_pico_en_miniatura_0.jpg","type":"image\/jpeg"}],"twitter_card":"summary_large_image","schema":{"@context":"https:\/\/schema.org","@graph":[{"@type":"WebPage","@id":"https:\/\/imaginetoystudio.com\/en\/producto\/guerrero-epico-stl-miniatura-de-fantasia-2\/","url":"https:\/\/imaginetoystudio.com\/en\/producto\/guerrero-epico-stl-miniatura-de-fantasia-2\/","name":"Guerrero \u00c9pico STL - Miniatura 3D Fantas\u00eda | imaginetoys","isPartOf":{"@id":"https:\/\/imaginetoystudio.com\/en\/#website"},"primaryImageOfPage":{"@id":"https:\/\/imaginetoystudio.com\/en\/producto\/guerrero-epico-stl-miniatura-de-fantasia-2\/#primaryimage"},"image":{"@id":"https:\/\/imaginetoystudio.com\/en\/producto\/guerrero-epico-stl-miniatura-de-fantasia-2\/#primaryimage"},"thumbnailUrl":"https:\/\/imaginetoystudio.com\/wp-content\/uploads\/2025\/05\/Leonardo_Vision_XL_Una_imagen_de_un_guerrero_pico_en_miniatura_0.jpg","datePublished":"2025-05-27T15:46:56+00:00","dateModified":"2025-06-12T13:38:41+00:00","description":"Descubre la miniatura Guerrero \u00c9pico STL para impresi\u00f3n 3D. Perfecta para coleccionistas y entusiastas de la fantas\u00eda. \u00a1Oferta especial!","breadcrumb":{"@id":"https:\/\/imaginetoystudio.com\/en\/producto\/guerrero-epico-stl-miniatura-de-fantasia-2\/#breadcrumb"},"inLanguage":"en-US","potentialAction":[{"@type":"ReadAction","target":["https:\/\/imaginetoystudio.com\/en\/producto\/guerrero-epico-stl-miniatura-de-fantasia-2\/"]}]},{"@type":"ImageObject","inLanguage":"en-US","@id":"https:\/\/imaginetoystudio.com\/en\/producto\/guerrero-epico-stl-miniatura-de-fantasia-2\/#primaryimage","url":"https:\/\/imaginetoystudio.com\/wp-content\/uploads\/2025\/05\/Leonardo_Vision_XL_Una_imagen_de_un_guerrero_pico_en_miniatura_0.jpg","contentUrl":"https:\/\/imaginetoystudio.com\/wp-content\/uploads\/2025\/05\/Leonardo_Vision_XL_Una_imagen_de_un_guerrero_pico_en_miniatura_0.jpg","width":1792,"height":1456},{"@type":"BreadcrumbList","@id":"https:\/\/imaginetoystudio.com\/en\/producto\/guerrero-epico-stl-miniatura-de-fantasia-2\/#breadcrumb","itemListElement":[{"@type":"ListItem","position":1,"name":"Portada","item":"https:\/\/imaginetoystudio.com\/en\/"},{"@type":"ListItem","position":2,"name":"Tienda","item":"https:\/\/imaginetoystudio.com\/en\/tienda\/"},{"@type":"ListItem","position":3,"name":"Guerrero \u00c9pico STL &#8211; Miniatura de Fantas\u00eda"}]},{"@type":"WebSite","@id":"https:\/\/imaginetoystudio.com\/en\/#website","url":"https:\/\/imaginetoystudio.com\/en\/","name":"imaginetoys","description":"","publisher":{"@id":"https:\/\/imaginetoystudio.com\/en\/#organization"},"potentialAction":[{"@type":"SearchAction","target":{"@type":"EntryPoint","urlTemplate":"https:\/\/imaginetoystudio.com\/en\/?s={search_term_string}"},"query-input":{"@type":"PropertyValueSpecification","valueRequired":true,"valueName":"search_term_string"}}],"inLanguage":"en-US"},{"@type":"Organization","@id":"https:\/\/imaginetoystudio.com\/en\/#organization","name":"imaginetoys","url":"https:\/\/imaginetoystudio.com\/en\/","logo":{"@type":"ImageObject","inLanguage":"en-US","@id":"https:\/\/imaginetoystudio.com\/en\/#\/schema\/logo\/image\/","url":"https:\/\/imaginetoystudio.com\/wp-content\/uploads\/2025\/05\/683596f668d1d_Diseno-sin-titulo-80.png","contentUrl":"https:\/\/imaginetoystudio.com\/wp-content\/uploads\/2025\/05\/683596f668d1d_Diseno-sin-titulo-80.png","width":500,"height":500,"caption":"imaginetoys"},"image":{"@id":"https:\/\/imaginetoystudio.com\/en\/#\/schema\/logo\/image\/"}}]}},"_links":{"self":[{"href":"https:\/\/imaginetoystudio.com\/en\/wp-json\/wp\/v2\/product\/594","targetHints":{"allow":["GET"]}}],"collection":[{"href":"https:\/\/imaginetoystudio.com\/en\/wp-json\/wp\/v2\/product"}],"about":[{"href":"https:\/\/imaginetoystudio.com\/en\/wp-json\/wp\/v2\/types\/product"}],"replies":[{"embeddable":true,"href":"https:\/\/imaginetoystudio.com\/en\/wp-json\/wp\/v2\/comments?post=594"}],"wp:featuredmedia":[{"embeddable":true,"href":"https:\/\/imaginetoystudio.com\/en\/wp-json\/wp\/v2\/media\/544"}],"wp:attachment":[{"href":"https:\/\/imaginetoystudio.com\/en\/wp-json\/wp\/v2\/media?parent=594"}],"wp:term":[{"taxonomy":"marca","embeddable":true,"href":"https:\/\/imaginetoystudio.com\/en\/wp-json\/wp\/v2\/marca?post=594"},{"taxonomy":"product_brand","embeddable":true,"href":"https:\/\/imaginetoystudio.com\/en\/wp-json\/wp\/v2\/product_brand?post=594"},{"taxonomy":"product_cat","embeddable":true,"href":"https:\/\/imaginetoystudio.com\/en\/wp-json\/wp\/v2\/product_cat?post=594"},{"taxonomy":"product_tag","embeddable":true,"href":"https:\/\/imaginetoystudio.com\/en\/wp-json\/wp\/v2\/product_tag?post=594"}],"curies":[{"name":"wp","href":"https:\/\/api.w.org\/{rel}","templated":true}]}}