{"id":598,"date":"2025-05-27T15:43:34","date_gmt":"2025-05-27T15:43:34","guid":{"rendered":"https:\/\/imaginetoystudio.com\/producto\/busto-epico-batalla-fantasia-stl\/"},"modified":"2025-06-12T13:42:47","modified_gmt":"2025-06-12T13:42:47","slug":"busto-epico-batalla-fantasia-stl","status":"publish","type":"product","link":"https:\/\/imaginetoystudio.com\/en\/producto\/busto-epico-batalla-fantasia-stl\/","title":{"rendered":"Busto \u00c9pico Batalla Fantas\u00eda STL"},"content":{"rendered":"","protected":false},"excerpt":{"rendered":"<p>Busto 3D \u00e9pico listo para impresora. Perfecto para fans y coleccionistas.<\/p>\n","protected":false},"featured_media":508,"comment_status":"open","ping_status":"closed","template":"","meta":{"_acf_changed":false,"iawp_total_views":0},"marca":[77,61],"product_brand":[],"product_cat":[107,112],"product_tag":[115,126,123],"class_list":{"0":"post-598","1":"product","2":"type-product","3":"status-publish","4":"has-post-thumbnail","6":"marca-3d-sculpt","7":"marca-imaginetoys","8":"product_cat-campaigns-en","9":"product_cat-salvador-baixauli-en","10":"product_tag-fantasia-en","11":"product_tag-miniatura-en","12":"product_tag-stl-en","14":"first","15":"instock","16":"sale","17":"shipping-taxable","18":"purchasable","19":"product-type-simple"},"acf":[],"yoast_head":"<!-- This site is optimized with the Yoast SEO plugin v27.4 - https:\/\/yoast.com\/product\/yoast-seo-wordpress\/ -->\n<title>Busto \u00c9pico Batalla Fantas\u00eda STL - imaginetoys<\/title>\n<meta name=\"description\" content=\"Compra el Busto 3D \u00e9pico de fantas\u00eda en STL de imaginetoys. Perfecto para impresoras 3D, fans y coleccionistas. Calidad garantizada, env\u00edo gratis y derecho a devoluci\u00f3n.\" \/>\n<meta name=\"robots\" content=\"index, follow, max-snippet:-1, max-image-preview:large, max-video-preview:-1\" \/>\n<link rel=\"canonical\" href=\"https:\/\/imaginetoystudio.com\/en\/producto\/busto-epico-batalla-fantasia-stl\/\" \/>\n<meta property=\"og:locale\" content=\"en_US\" \/>\n<meta property=\"og:type\" content=\"article\" \/>\n<meta property=\"og:title\" content=\"Busto \u00c9pico Batalla Fantas\u00eda STL - imaginetoys\" \/>\n<meta property=\"og:description\" content=\"Compra el Busto 3D \u00e9pico de fantas\u00eda en STL de imaginetoys. Perfecto para impresoras 3D, fans y coleccionistas. Calidad garantizada, env\u00edo gratis y derecho a devoluci\u00f3n.\" \/>\n<meta property=\"og:url\" content=\"https:\/\/imaginetoystudio.com\/en\/producto\/busto-epico-batalla-fantasia-stl\/\" \/>\n<meta property=\"og:site_name\" content=\"imaginetoys\" \/>\n<meta property=\"article:modified_time\" content=\"2025-06-12T13:42:47+00:00\" \/>\n<meta property=\"og:image\" content=\"https:\/\/imaginetoystudio.com\/wp-content\/uploads\/2025\/05\/Leonardo_Vision_XL_Crear_una_imagen_de_un_busto_3D_pico_inspir_0.jpg\" \/>\n\t<meta property=\"og:image:width\" content=\"1792\" \/>\n\t<meta property=\"og:image:height\" content=\"1456\" \/>\n\t<meta property=\"og:image:type\" content=\"image\/jpeg\" \/>\n<meta name=\"twitter:card\" content=\"summary_large_image\" \/>\n<!-- \/ Yoast SEO plugin. -->","yoast_head_json":{"title":"Busto \u00c9pico Batalla Fantas\u00eda STL - imaginetoys","description":"Compra el Busto 3D \u00e9pico de fantas\u00eda en STL de imaginetoys. Perfecto para impresoras 3D, fans y coleccionistas. Calidad garantizada, env\u00edo gratis y derecho a devoluci\u00f3n.","robots":{"index":"index","follow":"follow","max-snippet":"max-snippet:-1","max-image-preview":"max-image-preview:large","max-video-preview":"max-video-preview:-1"},"canonical":"https:\/\/imaginetoystudio.com\/en\/producto\/busto-epico-batalla-fantasia-stl\/","og_locale":"en_US","og_type":"article","og_title":"Busto \u00c9pico Batalla Fantas\u00eda STL - imaginetoys","og_description":"Compra el Busto 3D \u00e9pico de fantas\u00eda en STL de imaginetoys. Perfecto para impresoras 3D, fans y coleccionistas. Calidad garantizada, env\u00edo gratis y derecho a devoluci\u00f3n.","og_url":"https:\/\/imaginetoystudio.com\/en\/producto\/busto-epico-batalla-fantasia-stl\/","og_site_name":"imaginetoys","article_modified_time":"2025-06-12T13:42:47+00:00","og_image":[{"width":1792,"height":1456,"url":"https:\/\/imaginetoystudio.com\/wp-content\/uploads\/2025\/05\/Leonardo_Vision_XL_Crear_una_imagen_de_un_busto_3D_pico_inspir_0.jpg","type":"image\/jpeg"}],"twitter_card":"summary_large_image","schema":{"@context":"https:\/\/schema.org","@graph":[{"@type":"WebPage","@id":"https:\/\/imaginetoystudio.com\/en\/producto\/busto-epico-batalla-fantasia-stl\/","url":"https:\/\/imaginetoystudio.com\/en\/producto\/busto-epico-batalla-fantasia-stl\/","name":"Busto \u00c9pico Batalla Fantas\u00eda STL - imaginetoys","isPartOf":{"@id":"https:\/\/imaginetoystudio.com\/en\/#website"},"primaryImageOfPage":{"@id":"https:\/\/imaginetoystudio.com\/en\/producto\/busto-epico-batalla-fantasia-stl\/#primaryimage"},"image":{"@id":"https:\/\/imaginetoystudio.com\/en\/producto\/busto-epico-batalla-fantasia-stl\/#primaryimage"},"thumbnailUrl":"https:\/\/imaginetoystudio.com\/wp-content\/uploads\/2025\/05\/Leonardo_Vision_XL_Crear_una_imagen_de_un_busto_3D_pico_inspir_0.jpg","datePublished":"2025-05-27T15:43:34+00:00","dateModified":"2025-06-12T13:42:47+00:00","description":"Compra el Busto 3D \u00e9pico de fantas\u00eda en STL de imaginetoys. Perfecto para impresoras 3D, fans y coleccionistas. Calidad garantizada, env\u00edo gratis y derecho a devoluci\u00f3n.","breadcrumb":{"@id":"https:\/\/imaginetoystudio.com\/en\/producto\/busto-epico-batalla-fantasia-stl\/#breadcrumb"},"inLanguage":"en-US","potentialAction":[{"@type":"ReadAction","target":["https:\/\/imaginetoystudio.com\/en\/producto\/busto-epico-batalla-fantasia-stl\/"]}]},{"@type":"ImageObject","inLanguage":"en-US","@id":"https:\/\/imaginetoystudio.com\/en\/producto\/busto-epico-batalla-fantasia-stl\/#primaryimage","url":"https:\/\/imaginetoystudio.com\/wp-content\/uploads\/2025\/05\/Leonardo_Vision_XL_Crear_una_imagen_de_un_busto_3D_pico_inspir_0.jpg","contentUrl":"https:\/\/imaginetoystudio.com\/wp-content\/uploads\/2025\/05\/Leonardo_Vision_XL_Crear_una_imagen_de_un_busto_3D_pico_inspir_0.jpg","width":1792,"height":1456},{"@type":"BreadcrumbList","@id":"https:\/\/imaginetoystudio.com\/en\/producto\/busto-epico-batalla-fantasia-stl\/#breadcrumb","itemListElement":[{"@type":"ListItem","position":1,"name":"Portada","item":"https:\/\/imaginetoystudio.com\/en\/"},{"@type":"ListItem","position":2,"name":"Tienda","item":"https:\/\/imaginetoystudio.com\/en\/tienda\/"},{"@type":"ListItem","position":3,"name":"Busto \u00c9pico Batalla Fantas\u00eda STL"}]},{"@type":"WebSite","@id":"https:\/\/imaginetoystudio.com\/en\/#website","url":"https:\/\/imaginetoystudio.com\/en\/","name":"imaginetoys","description":"","publisher":{"@id":"https:\/\/imaginetoystudio.com\/en\/#organization"},"potentialAction":[{"@type":"SearchAction","target":{"@type":"EntryPoint","urlTemplate":"https:\/\/imaginetoystudio.com\/en\/?s={search_term_string}"},"query-input":{"@type":"PropertyValueSpecification","valueRequired":true,"valueName":"search_term_string"}}],"inLanguage":"en-US"},{"@type":"Organization","@id":"https:\/\/imaginetoystudio.com\/en\/#organization","name":"imaginetoys","url":"https:\/\/imaginetoystudio.com\/en\/","logo":{"@type":"ImageObject","inLanguage":"en-US","@id":"https:\/\/imaginetoystudio.com\/en\/#\/schema\/logo\/image\/","url":"https:\/\/imaginetoystudio.com\/wp-content\/uploads\/2025\/05\/683596f668d1d_Diseno-sin-titulo-80.png","contentUrl":"https:\/\/imaginetoystudio.com\/wp-content\/uploads\/2025\/05\/683596f668d1d_Diseno-sin-titulo-80.png","width":500,"height":500,"caption":"imaginetoys"},"image":{"@id":"https:\/\/imaginetoystudio.com\/en\/#\/schema\/logo\/image\/"}}]}},"_links":{"self":[{"href":"https:\/\/imaginetoystudio.com\/en\/wp-json\/wp\/v2\/product\/598","targetHints":{"allow":["GET"]}}],"collection":[{"href":"https:\/\/imaginetoystudio.com\/en\/wp-json\/wp\/v2\/product"}],"about":[{"href":"https:\/\/imaginetoystudio.com\/en\/wp-json\/wp\/v2\/types\/product"}],"replies":[{"embeddable":true,"href":"https:\/\/imaginetoystudio.com\/en\/wp-json\/wp\/v2\/comments?post=598"}],"wp:featuredmedia":[{"embeddable":true,"href":"https:\/\/imaginetoystudio.com\/en\/wp-json\/wp\/v2\/media\/508"}],"wp:attachment":[{"href":"https:\/\/imaginetoystudio.com\/en\/wp-json\/wp\/v2\/media?parent=598"}],"wp:term":[{"taxonomy":"marca","embeddable":true,"href":"https:\/\/imaginetoystudio.com\/en\/wp-json\/wp\/v2\/marca?post=598"},{"taxonomy":"product_brand","embeddable":true,"href":"https:\/\/imaginetoystudio.com\/en\/wp-json\/wp\/v2\/product_brand?post=598"},{"taxonomy":"product_cat","embeddable":true,"href":"https:\/\/imaginetoystudio.com\/en\/wp-json\/wp\/v2\/product_cat?post=598"},{"taxonomy":"product_tag","embeddable":true,"href":"https:\/\/imaginetoystudio.com\/en\/wp-json\/wp\/v2\/product_tag?post=598"}],"curies":[{"name":"wp","href":"https:\/\/api.w.org\/{rel}","templated":true}]}}