{"id":600,"date":"2025-05-27T15:41:55","date_gmt":"2025-05-27T15:41:55","guid":{"rendered":"https:\/\/imaginetoystudio.com\/producto\/busto-epico-de-fantasia-stl-para-impresion-3d\/"},"modified":"2025-06-12T13:42:50","modified_gmt":"2025-06-12T13:42:50","slug":"busto-epico-de-fantasia-stl-para-impresion-3d","status":"publish","type":"product","link":"https:\/\/imaginetoystudio.com\/en\/producto\/busto-epico-de-fantasia-stl-para-impresion-3d\/","title":{"rendered":"Busto \u00c9pico de Fantas\u00eda STL para Impresi\u00f3n 3D"},"content":{"rendered":"","protected":false},"excerpt":{"rendered":"<p>Busto de fantas\u00eda para impresi\u00f3n 3D, perfecto para coleccionistas.<\/p>\n","protected":false},"featured_media":490,"comment_status":"open","ping_status":"closed","template":"","meta":{"_acf_changed":false,"iawp_total_views":0},"marca":[91,61],"product_brand":[],"product_cat":[107,108],"product_tag":[128,129,115],"class_list":{"0":"post-600","1":"product","2":"type-product","3":"status-publish","4":"has-post-thumbnail","6":"marca-digitalart","7":"marca-imaginetoys","8":"product_cat-campaigns-en","9":"product_cat-stl-en","10":"product_tag-3d-model-en","11":"product_tag-arte-digital-en","12":"product_tag-fantasia-en","14":"first","15":"instock","16":"sale","17":"shipping-taxable","18":"purchasable","19":"product-type-simple"},"acf":[],"yoast_head":"<!-- This site is optimized with the Yoast SEO plugin v27.4 - https:\/\/yoast.com\/product\/yoast-seo-wordpress\/ -->\n<title>Busto \u00c9pico Fantas\u00eda STL \u2013 Ofertas 3D en ImagineToys<\/title>\n<meta name=\"description\" content=\"Descubre el busto \u00e9pico de fantas\u00eda para impresi\u00f3n 3D en ImagineToys. Precio especial: 177,25 \u20ac. Ideal para coleccionistas y amantes del arte digital.\" \/>\n<meta name=\"robots\" content=\"index, follow, max-snippet:-1, max-image-preview:large, max-video-preview:-1\" \/>\n<link rel=\"canonical\" href=\"https:\/\/imaginetoystudio.com\/en\/producto\/busto-epico-de-fantasia-stl-para-impresion-3d\/\" \/>\n<meta property=\"og:locale\" content=\"en_US\" \/>\n<meta property=\"og:type\" content=\"article\" \/>\n<meta property=\"og:title\" content=\"Busto \u00c9pico Fantas\u00eda STL \u2013 Ofertas 3D en ImagineToys\" \/>\n<meta property=\"og:description\" content=\"Descubre el busto \u00e9pico de fantas\u00eda para impresi\u00f3n 3D en ImagineToys. Precio especial: 177,25 \u20ac. Ideal para coleccionistas y amantes del arte digital.\" \/>\n<meta property=\"og:url\" content=\"https:\/\/imaginetoystudio.com\/en\/producto\/busto-epico-de-fantasia-stl-para-impresion-3d\/\" \/>\n<meta property=\"og:site_name\" content=\"imaginetoys\" \/>\n<meta property=\"article:modified_time\" content=\"2025-06-12T13:42:50+00:00\" \/>\n<meta property=\"og:image\" content=\"https:\/\/imaginetoystudio.com\/wp-content\/uploads\/2025\/05\/Leonardo_Vision_XL_Crear_una_imagen_de_un_busto_pico_de_fantas_0.jpg\" \/>\n\t<meta property=\"og:image:width\" content=\"1792\" \/>\n\t<meta property=\"og:image:height\" content=\"1456\" \/>\n\t<meta property=\"og:image:type\" content=\"image\/jpeg\" \/>\n<meta name=\"twitter:card\" content=\"summary_large_image\" \/>\n<!-- \/ Yoast SEO plugin. -->","yoast_head_json":{"title":"Busto \u00c9pico Fantas\u00eda STL \u2013 Ofertas 3D en ImagineToys","description":"Descubre el busto \u00e9pico de fantas\u00eda para impresi\u00f3n 3D en ImagineToys. Precio especial: 177,25 \u20ac. Ideal para coleccionistas y amantes del arte digital.","robots":{"index":"index","follow":"follow","max-snippet":"max-snippet:-1","max-image-preview":"max-image-preview:large","max-video-preview":"max-video-preview:-1"},"canonical":"https:\/\/imaginetoystudio.com\/en\/producto\/busto-epico-de-fantasia-stl-para-impresion-3d\/","og_locale":"en_US","og_type":"article","og_title":"Busto \u00c9pico Fantas\u00eda STL \u2013 Ofertas 3D en ImagineToys","og_description":"Descubre el busto \u00e9pico de fantas\u00eda para impresi\u00f3n 3D en ImagineToys. Precio especial: 177,25 \u20ac. Ideal para coleccionistas y amantes del arte digital.","og_url":"https:\/\/imaginetoystudio.com\/en\/producto\/busto-epico-de-fantasia-stl-para-impresion-3d\/","og_site_name":"imaginetoys","article_modified_time":"2025-06-12T13:42:50+00:00","og_image":[{"width":1792,"height":1456,"url":"https:\/\/imaginetoystudio.com\/wp-content\/uploads\/2025\/05\/Leonardo_Vision_XL_Crear_una_imagen_de_un_busto_pico_de_fantas_0.jpg","type":"image\/jpeg"}],"twitter_card":"summary_large_image","schema":{"@context":"https:\/\/schema.org","@graph":[{"@type":"WebPage","@id":"https:\/\/imaginetoystudio.com\/en\/producto\/busto-epico-de-fantasia-stl-para-impresion-3d\/","url":"https:\/\/imaginetoystudio.com\/en\/producto\/busto-epico-de-fantasia-stl-para-impresion-3d\/","name":"Busto \u00c9pico Fantas\u00eda STL \u2013 Ofertas 3D en ImagineToys","isPartOf":{"@id":"https:\/\/imaginetoystudio.com\/en\/#website"},"primaryImageOfPage":{"@id":"https:\/\/imaginetoystudio.com\/en\/producto\/busto-epico-de-fantasia-stl-para-impresion-3d\/#primaryimage"},"image":{"@id":"https:\/\/imaginetoystudio.com\/en\/producto\/busto-epico-de-fantasia-stl-para-impresion-3d\/#primaryimage"},"thumbnailUrl":"https:\/\/imaginetoystudio.com\/wp-content\/uploads\/2025\/05\/Leonardo_Vision_XL_Crear_una_imagen_de_un_busto_pico_de_fantas_0.jpg","datePublished":"2025-05-27T15:41:55+00:00","dateModified":"2025-06-12T13:42:50+00:00","description":"Descubre el busto \u00e9pico de fantas\u00eda para impresi\u00f3n 3D en ImagineToys. Precio especial: 177,25 \u20ac. Ideal para coleccionistas y amantes del arte digital.","breadcrumb":{"@id":"https:\/\/imaginetoystudio.com\/en\/producto\/busto-epico-de-fantasia-stl-para-impresion-3d\/#breadcrumb"},"inLanguage":"en-US","potentialAction":[{"@type":"ReadAction","target":["https:\/\/imaginetoystudio.com\/en\/producto\/busto-epico-de-fantasia-stl-para-impresion-3d\/"]}]},{"@type":"ImageObject","inLanguage":"en-US","@id":"https:\/\/imaginetoystudio.com\/en\/producto\/busto-epico-de-fantasia-stl-para-impresion-3d\/#primaryimage","url":"https:\/\/imaginetoystudio.com\/wp-content\/uploads\/2025\/05\/Leonardo_Vision_XL_Crear_una_imagen_de_un_busto_pico_de_fantas_0.jpg","contentUrl":"https:\/\/imaginetoystudio.com\/wp-content\/uploads\/2025\/05\/Leonardo_Vision_XL_Crear_una_imagen_de_un_busto_pico_de_fantas_0.jpg","width":1792,"height":1456},{"@type":"BreadcrumbList","@id":"https:\/\/imaginetoystudio.com\/en\/producto\/busto-epico-de-fantasia-stl-para-impresion-3d\/#breadcrumb","itemListElement":[{"@type":"ListItem","position":1,"name":"Portada","item":"https:\/\/imaginetoystudio.com\/en\/"},{"@type":"ListItem","position":2,"name":"Tienda","item":"https:\/\/imaginetoystudio.com\/en\/tienda\/"},{"@type":"ListItem","position":3,"name":"Busto \u00c9pico de Fantas\u00eda STL para Impresi\u00f3n 3D"}]},{"@type":"WebSite","@id":"https:\/\/imaginetoystudio.com\/en\/#website","url":"https:\/\/imaginetoystudio.com\/en\/","name":"imaginetoys","description":"","publisher":{"@id":"https:\/\/imaginetoystudio.com\/en\/#organization"},"potentialAction":[{"@type":"SearchAction","target":{"@type":"EntryPoint","urlTemplate":"https:\/\/imaginetoystudio.com\/en\/?s={search_term_string}"},"query-input":{"@type":"PropertyValueSpecification","valueRequired":true,"valueName":"search_term_string"}}],"inLanguage":"en-US"},{"@type":"Organization","@id":"https:\/\/imaginetoystudio.com\/en\/#organization","name":"imaginetoys","url":"https:\/\/imaginetoystudio.com\/en\/","logo":{"@type":"ImageObject","inLanguage":"en-US","@id":"https:\/\/imaginetoystudio.com\/en\/#\/schema\/logo\/image\/","url":"https:\/\/imaginetoystudio.com\/wp-content\/uploads\/2025\/05\/683596f668d1d_Diseno-sin-titulo-80.png","contentUrl":"https:\/\/imaginetoystudio.com\/wp-content\/uploads\/2025\/05\/683596f668d1d_Diseno-sin-titulo-80.png","width":500,"height":500,"caption":"imaginetoys"},"image":{"@id":"https:\/\/imaginetoystudio.com\/en\/#\/schema\/logo\/image\/"}}]}},"_links":{"self":[{"href":"https:\/\/imaginetoystudio.com\/en\/wp-json\/wp\/v2\/product\/600","targetHints":{"allow":["GET"]}}],"collection":[{"href":"https:\/\/imaginetoystudio.com\/en\/wp-json\/wp\/v2\/product"}],"about":[{"href":"https:\/\/imaginetoystudio.com\/en\/wp-json\/wp\/v2\/types\/product"}],"replies":[{"embeddable":true,"href":"https:\/\/imaginetoystudio.com\/en\/wp-json\/wp\/v2\/comments?post=600"}],"wp:featuredmedia":[{"embeddable":true,"href":"https:\/\/imaginetoystudio.com\/en\/wp-json\/wp\/v2\/media\/490"}],"wp:attachment":[{"href":"https:\/\/imaginetoystudio.com\/en\/wp-json\/wp\/v2\/media?parent=600"}],"wp:term":[{"taxonomy":"marca","embeddable":true,"href":"https:\/\/imaginetoystudio.com\/en\/wp-json\/wp\/v2\/marca?post=600"},{"taxonomy":"product_brand","embeddable":true,"href":"https:\/\/imaginetoystudio.com\/en\/wp-json\/wp\/v2\/product_brand?post=600"},{"taxonomy":"product_cat","embeddable":true,"href":"https:\/\/imaginetoystudio.com\/en\/wp-json\/wp\/v2\/product_cat?post=600"},{"taxonomy":"product_tag","embeddable":true,"href":"https:\/\/imaginetoystudio.com\/en\/wp-json\/wp\/v2\/product_tag?post=600"}],"curies":[{"name":"wp","href":"https:\/\/api.w.org\/{rel}","templated":true}]}}