{"id":606,"date":"2025-05-27T15:36:18","date_gmt":"2025-05-27T15:36:18","guid":{"rendered":"https:\/\/imaginetoystudio.com\/producto\/busto-stl-de-guerrero-epico-fantasia\/"},"modified":"2025-06-12T13:43:35","modified_gmt":"2025-06-12T13:43:35","slug":"busto-stl-de-guerrero-epico-fantasia","status":"publish","type":"product","link":"https:\/\/imaginetoystudio.com\/en\/producto\/busto-stl-de-guerrero-epico-fantasia\/","title":{"rendered":"Busto STL de Guerrero \u00c9pico Fantas\u00eda"},"content":{"rendered":"","protected":false},"excerpt":{"rendered":"<p>Busto digital en STL de un guerrero \u00e9pico de fantas\u00eda.<\/p>\n","protected":false},"featured_media":436,"comment_status":"open","ping_status":"closed","template":"","meta":{"_acf_changed":false,"iawp_total_views":0},"marca":[77,61],"product_brand":[],"product_cat":[107,108],"product_tag":[136,137,138],"class_list":{"0":"post-606","1":"product","2":"type-product","3":"status-publish","4":"has-post-thumbnail","6":"marca-3d-sculpt","7":"marca-imaginetoys","8":"product_cat-campaigns-en","9":"product_cat-stl-en","10":"product_tag-fantasy-en","11":"product_tag-miniatures-en","12":"product_tag-stl-files-en","14":"first","15":"instock","16":"sale","17":"shipping-taxable","18":"purchasable","19":"product-type-simple"},"acf":[],"yoast_head":"<!-- This site is optimized with the Yoast SEO plugin v27.4 - https:\/\/yoast.com\/product\/yoast-seo-wordpress\/ -->\n<title>Busto STL Guerrero \u00c9pico Fantas\u00eda | ImagineToys<\/title>\n<meta name=\"description\" content=\"Compra el busto STL de un guerrero \u00e9pico de fantas\u00eda en ImagineToys. Oferta especial: 561,25 \u20ac con env\u00edo gratis y 100 d\u00edas de devoluci\u00f3n.\" \/>\n<meta name=\"robots\" content=\"index, follow, max-snippet:-1, max-image-preview:large, max-video-preview:-1\" \/>\n<link rel=\"canonical\" href=\"https:\/\/imaginetoystudio.com\/en\/producto\/busto-stl-de-guerrero-epico-fantasia\/\" \/>\n<meta property=\"og:locale\" content=\"en_US\" \/>\n<meta property=\"og:type\" content=\"article\" \/>\n<meta property=\"og:title\" content=\"Busto STL Guerrero \u00c9pico Fantas\u00eda | ImagineToys\" \/>\n<meta property=\"og:description\" content=\"Compra el busto STL de un guerrero \u00e9pico de fantas\u00eda en ImagineToys. Oferta especial: 561,25 \u20ac con env\u00edo gratis y 100 d\u00edas de devoluci\u00f3n.\" \/>\n<meta property=\"og:url\" content=\"https:\/\/imaginetoystudio.com\/en\/producto\/busto-stl-de-guerrero-epico-fantasia\/\" \/>\n<meta property=\"og:site_name\" content=\"imaginetoys\" \/>\n<meta property=\"article:modified_time\" content=\"2025-06-12T13:43:35+00:00\" \/>\n<meta property=\"og:image\" content=\"https:\/\/imaginetoystudio.com\/wp-content\/uploads\/2025\/05\/Leonardo_Vision_XL_Generar_una_imagen_de_un_busto_de_guerrero_0.jpg\" \/>\n\t<meta property=\"og:image:width\" content=\"1792\" \/>\n\t<meta property=\"og:image:height\" content=\"1456\" \/>\n\t<meta property=\"og:image:type\" content=\"image\/jpeg\" \/>\n<meta name=\"twitter:card\" content=\"summary_large_image\" \/>\n<!-- \/ Yoast SEO plugin. -->","yoast_head_json":{"title":"Busto STL Guerrero \u00c9pico Fantas\u00eda | ImagineToys","description":"Compra el busto STL de un guerrero \u00e9pico de fantas\u00eda en ImagineToys. Oferta especial: 561,25 \u20ac con env\u00edo gratis y 100 d\u00edas de devoluci\u00f3n.","robots":{"index":"index","follow":"follow","max-snippet":"max-snippet:-1","max-image-preview":"max-image-preview:large","max-video-preview":"max-video-preview:-1"},"canonical":"https:\/\/imaginetoystudio.com\/en\/producto\/busto-stl-de-guerrero-epico-fantasia\/","og_locale":"en_US","og_type":"article","og_title":"Busto STL Guerrero \u00c9pico Fantas\u00eda | ImagineToys","og_description":"Compra el busto STL de un guerrero \u00e9pico de fantas\u00eda en ImagineToys. Oferta especial: 561,25 \u20ac con env\u00edo gratis y 100 d\u00edas de devoluci\u00f3n.","og_url":"https:\/\/imaginetoystudio.com\/en\/producto\/busto-stl-de-guerrero-epico-fantasia\/","og_site_name":"imaginetoys","article_modified_time":"2025-06-12T13:43:35+00:00","og_image":[{"width":1792,"height":1456,"url":"https:\/\/imaginetoystudio.com\/wp-content\/uploads\/2025\/05\/Leonardo_Vision_XL_Generar_una_imagen_de_un_busto_de_guerrero_0.jpg","type":"image\/jpeg"}],"twitter_card":"summary_large_image","schema":{"@context":"https:\/\/schema.org","@graph":[{"@type":"WebPage","@id":"https:\/\/imaginetoystudio.com\/en\/producto\/busto-stl-de-guerrero-epico-fantasia\/","url":"https:\/\/imaginetoystudio.com\/en\/producto\/busto-stl-de-guerrero-epico-fantasia\/","name":"Busto STL Guerrero \u00c9pico Fantas\u00eda | ImagineToys","isPartOf":{"@id":"https:\/\/imaginetoystudio.com\/en\/#website"},"primaryImageOfPage":{"@id":"https:\/\/imaginetoystudio.com\/en\/producto\/busto-stl-de-guerrero-epico-fantasia\/#primaryimage"},"image":{"@id":"https:\/\/imaginetoystudio.com\/en\/producto\/busto-stl-de-guerrero-epico-fantasia\/#primaryimage"},"thumbnailUrl":"https:\/\/imaginetoystudio.com\/wp-content\/uploads\/2025\/05\/Leonardo_Vision_XL_Generar_una_imagen_de_un_busto_de_guerrero_0.jpg","datePublished":"2025-05-27T15:36:18+00:00","dateModified":"2025-06-12T13:43:35+00:00","description":"Compra el busto STL de un guerrero \u00e9pico de fantas\u00eda en ImagineToys. Oferta especial: 561,25 \u20ac con env\u00edo gratis y 100 d\u00edas de devoluci\u00f3n.","breadcrumb":{"@id":"https:\/\/imaginetoystudio.com\/en\/producto\/busto-stl-de-guerrero-epico-fantasia\/#breadcrumb"},"inLanguage":"en-US","potentialAction":[{"@type":"ReadAction","target":["https:\/\/imaginetoystudio.com\/en\/producto\/busto-stl-de-guerrero-epico-fantasia\/"]}]},{"@type":"ImageObject","inLanguage":"en-US","@id":"https:\/\/imaginetoystudio.com\/en\/producto\/busto-stl-de-guerrero-epico-fantasia\/#primaryimage","url":"https:\/\/imaginetoystudio.com\/wp-content\/uploads\/2025\/05\/Leonardo_Vision_XL_Generar_una_imagen_de_un_busto_de_guerrero_0.jpg","contentUrl":"https:\/\/imaginetoystudio.com\/wp-content\/uploads\/2025\/05\/Leonardo_Vision_XL_Generar_una_imagen_de_un_busto_de_guerrero_0.jpg","width":1792,"height":1456},{"@type":"BreadcrumbList","@id":"https:\/\/imaginetoystudio.com\/en\/producto\/busto-stl-de-guerrero-epico-fantasia\/#breadcrumb","itemListElement":[{"@type":"ListItem","position":1,"name":"Portada","item":"https:\/\/imaginetoystudio.com\/en\/"},{"@type":"ListItem","position":2,"name":"Tienda","item":"https:\/\/imaginetoystudio.com\/en\/tienda\/"},{"@type":"ListItem","position":3,"name":"Busto STL de Guerrero \u00c9pico Fantas\u00eda"}]},{"@type":"WebSite","@id":"https:\/\/imaginetoystudio.com\/en\/#website","url":"https:\/\/imaginetoystudio.com\/en\/","name":"imaginetoys","description":"","publisher":{"@id":"https:\/\/imaginetoystudio.com\/en\/#organization"},"potentialAction":[{"@type":"SearchAction","target":{"@type":"EntryPoint","urlTemplate":"https:\/\/imaginetoystudio.com\/en\/?s={search_term_string}"},"query-input":{"@type":"PropertyValueSpecification","valueRequired":true,"valueName":"search_term_string"}}],"inLanguage":"en-US"},{"@type":"Organization","@id":"https:\/\/imaginetoystudio.com\/en\/#organization","name":"imaginetoys","url":"https:\/\/imaginetoystudio.com\/en\/","logo":{"@type":"ImageObject","inLanguage":"en-US","@id":"https:\/\/imaginetoystudio.com\/en\/#\/schema\/logo\/image\/","url":"https:\/\/imaginetoystudio.com\/wp-content\/uploads\/2025\/05\/683596f668d1d_Diseno-sin-titulo-80.png","contentUrl":"https:\/\/imaginetoystudio.com\/wp-content\/uploads\/2025\/05\/683596f668d1d_Diseno-sin-titulo-80.png","width":500,"height":500,"caption":"imaginetoys"},"image":{"@id":"https:\/\/imaginetoystudio.com\/en\/#\/schema\/logo\/image\/"}}]}},"_links":{"self":[{"href":"https:\/\/imaginetoystudio.com\/en\/wp-json\/wp\/v2\/product\/606","targetHints":{"allow":["GET"]}}],"collection":[{"href":"https:\/\/imaginetoystudio.com\/en\/wp-json\/wp\/v2\/product"}],"about":[{"href":"https:\/\/imaginetoystudio.com\/en\/wp-json\/wp\/v2\/types\/product"}],"replies":[{"embeddable":true,"href":"https:\/\/imaginetoystudio.com\/en\/wp-json\/wp\/v2\/comments?post=606"}],"wp:featuredmedia":[{"embeddable":true,"href":"https:\/\/imaginetoystudio.com\/en\/wp-json\/wp\/v2\/media\/436"}],"wp:attachment":[{"href":"https:\/\/imaginetoystudio.com\/en\/wp-json\/wp\/v2\/media?parent=606"}],"wp:term":[{"taxonomy":"marca","embeddable":true,"href":"https:\/\/imaginetoystudio.com\/en\/wp-json\/wp\/v2\/marca?post=606"},{"taxonomy":"product_brand","embeddable":true,"href":"https:\/\/imaginetoystudio.com\/en\/wp-json\/wp\/v2\/product_brand?post=606"},{"taxonomy":"product_cat","embeddable":true,"href":"https:\/\/imaginetoystudio.com\/en\/wp-json\/wp\/v2\/product_cat?post=606"},{"taxonomy":"product_tag","embeddable":true,"href":"https:\/\/imaginetoystudio.com\/en\/wp-json\/wp\/v2\/product_tag?post=606"}],"curies":[{"name":"wp","href":"https:\/\/api.w.org\/{rel}","templated":true}]}}